{"id":11161,"date":"2019-03-22T12:41:30","date_gmt":"2019-03-22T11:41:30","guid":{"rendered":"https:\/\/ccportugalparts.com\/index.php\/product\/amortecedores-tras-8\/"},"modified":"2019-03-22T12:41:30","modified_gmt":"2019-03-22T11:41:30","slug":"amortecedores-tras-8","status":"publish","type":"product","link":"https:\/\/ccportugalparts.com\/index.php\/product\/amortecedores-tras-8\/","title":{"rendered":"Amortecedores Tr\u00e1s"},"content":{"rendered":"<p>Elemento principal sistema supens\u00e3o viaturas. Podem ser \u00f3leo, g\u00e1s ou hidr\u00e1ulico.<\/p>\n","protected":false},"excerpt":{"rendered":"<p>Elemento principal sistema supens\u00e3o viaturas. Podem ser \u00f3leo, g\u00e1s ou hidr\u00e1ulico.<\/p>\n","protected":false},"featured_media":0,"comment_status":"open","ping_status":"closed","template":"","meta":[],"product_brand":[],"product_cat":[184],"product_tag":[],"class_list":{"0":"post-11161","1":"product","2":"type-product","3":"status-publish","5":"product_cat-navarra-25-dci-4wd","6":"pa_versao-diesel","7":"badges-style-3","9":"first","10":"instock","11":"taxable","12":"shipping-taxable","13":"purchasable","14":"product-type-simple"},"yoast_head":"<!-- This site is optimized with the Yoast SEO plugin v27.4 - https:\/\/yoast.com\/product\/yoast-seo-wordpress\/ -->\n<title>Amortecedores Tr\u00e1s - CC Portugal Parts<\/title>\n<meta name=\"robots\" content=\"index, follow, max-snippet:-1, max-image-preview:large, max-video-preview:-1\" \/>\n<link rel=\"canonical\" href=\"https:\/\/ccportugalparts.com\/index.php\/product\/amortecedores-tras-8\/\" \/>\n<meta property=\"og:locale\" content=\"pt_PT\" \/>\n<meta property=\"og:type\" content=\"article\" \/>\n<meta property=\"og:title\" content=\"Amortecedores Tr\u00e1s - CC Portugal Parts\" \/>\n<meta property=\"og:description\" content=\"Elemento principal sistema supens\u00e3o viaturas. Podem ser \u00f3leo, g\u00e1s ou hidr\u00e1ulico.\" \/>\n<meta property=\"og:url\" content=\"https:\/\/ccportugalparts.com\/index.php\/product\/amortecedores-tras-8\/\" \/>\n<meta property=\"og:site_name\" content=\"CC Portugal Parts\" \/>\n<meta name=\"twitter:card\" content=\"summary_large_image\" \/>\n<script type=\"application\/ld+json\" class=\"yoast-schema-graph\">{\"@context\":\"https:\\\/\\\/schema.org\",\"@graph\":[{\"@type\":\"WebPage\",\"@id\":\"https:\\\/\\\/ccportugalparts.com\\\/index.php\\\/product\\\/amortecedores-tras-8\\\/\",\"url\":\"https:\\\/\\\/ccportugalparts.com\\\/index.php\\\/product\\\/amortecedores-tras-8\\\/\",\"name\":\"Amortecedores Tr\u00e1s - CC Portugal Parts\",\"isPartOf\":{\"@id\":\"https:\\\/\\\/ccportugalparts.com\\\/#website\"},\"datePublished\":\"2019-03-22T11:41:30+00:00\",\"breadcrumb\":{\"@id\":\"https:\\\/\\\/ccportugalparts.com\\\/index.php\\\/product\\\/amortecedores-tras-8\\\/#breadcrumb\"},\"inLanguage\":\"pt-PT\",\"potentialAction\":[{\"@type\":\"ReadAction\",\"target\":[\"https:\\\/\\\/ccportugalparts.com\\\/index.php\\\/product\\\/amortecedores-tras-8\\\/\"]}]},{\"@type\":\"BreadcrumbList\",\"@id\":\"https:\\\/\\\/ccportugalparts.com\\\/index.php\\\/product\\\/amortecedores-tras-8\\\/#breadcrumb\",\"itemListElement\":[{\"@type\":\"ListItem\",\"position\":1,\"name\":\"In\u00edcio\",\"item\":\"https:\\\/\\\/ccportugalparts.com\\\/\"},{\"@type\":\"ListItem\",\"position\":2,\"name\":\"Loja\",\"item\":\"https:\\\/\\\/ccportugalparts.com\\\/index.php\\\/loja\\\/\"},{\"@type\":\"ListItem\",\"position\":3,\"name\":\"Amortecedores Tr\u00e1s\"}]},{\"@type\":\"WebSite\",\"@id\":\"https:\\\/\\\/ccportugalparts.com\\\/#website\",\"url\":\"https:\\\/\\\/ccportugalparts.com\\\/\",\"name\":\"CC Portugal Parts\",\"description\":\"\",\"publisher\":{\"@id\":\"https:\\\/\\\/ccportugalparts.com\\\/#organization\"},\"potentialAction\":[{\"@type\":\"SearchAction\",\"target\":{\"@type\":\"EntryPoint\",\"urlTemplate\":\"https:\\\/\\\/ccportugalparts.com\\\/?s={search_term_string}\"},\"query-input\":{\"@type\":\"PropertyValueSpecification\",\"valueRequired\":true,\"valueName\":\"search_term_string\"}}],\"inLanguage\":\"pt-PT\"},{\"@type\":\"Organization\",\"@id\":\"https:\\\/\\\/ccportugalparts.com\\\/#organization\",\"name\":\"CC Portugal Parts\",\"url\":\"https:\\\/\\\/ccportugalparts.com\\\/\",\"logo\":{\"@type\":\"ImageObject\",\"inLanguage\":\"pt-PT\",\"@id\":\"https:\\\/\\\/ccportugalparts.com\\\/#\\\/schema\\\/logo\\\/image\\\/\",\"url\":\"https:\\\/\\\/ccportugalparts.com\\\/wp-content\\\/uploads\\\/2018\\\/12\\\/CC-Portugal-Parts.png\",\"contentUrl\":\"https:\\\/\\\/ccportugalparts.com\\\/wp-content\\\/uploads\\\/2018\\\/12\\\/CC-Portugal-Parts.png\",\"width\":960,\"height\":560,\"caption\":\"CC Portugal Parts\"},\"image\":{\"@id\":\"https:\\\/\\\/ccportugalparts.com\\\/#\\\/schema\\\/logo\\\/image\\\/\"}}]}<\/script>\n<!-- \/ Yoast SEO plugin. -->","yoast_head_json":{"title":"Amortecedores Tr\u00e1s - CC Portugal Parts","robots":{"index":"index","follow":"follow","max-snippet":"max-snippet:-1","max-image-preview":"max-image-preview:large","max-video-preview":"max-video-preview:-1"},"canonical":"https:\/\/ccportugalparts.com\/index.php\/product\/amortecedores-tras-8\/","og_locale":"pt_PT","og_type":"article","og_title":"Amortecedores Tr\u00e1s - CC Portugal Parts","og_description":"Elemento principal sistema supens\u00e3o viaturas. Podem ser \u00f3leo, g\u00e1s ou hidr\u00e1ulico.","og_url":"https:\/\/ccportugalparts.com\/index.php\/product\/amortecedores-tras-8\/","og_site_name":"CC Portugal Parts","twitter_card":"summary_large_image","schema":{"@context":"https:\/\/schema.org","@graph":[{"@type":"WebPage","@id":"https:\/\/ccportugalparts.com\/index.php\/product\/amortecedores-tras-8\/","url":"https:\/\/ccportugalparts.com\/index.php\/product\/amortecedores-tras-8\/","name":"Amortecedores Tr\u00e1s - CC Portugal Parts","isPartOf":{"@id":"https:\/\/ccportugalparts.com\/#website"},"datePublished":"2019-03-22T11:41:30+00:00","breadcrumb":{"@id":"https:\/\/ccportugalparts.com\/index.php\/product\/amortecedores-tras-8\/#breadcrumb"},"inLanguage":"pt-PT","potentialAction":[{"@type":"ReadAction","target":["https:\/\/ccportugalparts.com\/index.php\/product\/amortecedores-tras-8\/"]}]},{"@type":"BreadcrumbList","@id":"https:\/\/ccportugalparts.com\/index.php\/product\/amortecedores-tras-8\/#breadcrumb","itemListElement":[{"@type":"ListItem","position":1,"name":"In\u00edcio","item":"https:\/\/ccportugalparts.com\/"},{"@type":"ListItem","position":2,"name":"Loja","item":"https:\/\/ccportugalparts.com\/index.php\/loja\/"},{"@type":"ListItem","position":3,"name":"Amortecedores Tr\u00e1s"}]},{"@type":"WebSite","@id":"https:\/\/ccportugalparts.com\/#website","url":"https:\/\/ccportugalparts.com\/","name":"CC Portugal Parts","description":"","publisher":{"@id":"https:\/\/ccportugalparts.com\/#organization"},"potentialAction":[{"@type":"SearchAction","target":{"@type":"EntryPoint","urlTemplate":"https:\/\/ccportugalparts.com\/?s={search_term_string}"},"query-input":{"@type":"PropertyValueSpecification","valueRequired":true,"valueName":"search_term_string"}}],"inLanguage":"pt-PT"},{"@type":"Organization","@id":"https:\/\/ccportugalparts.com\/#organization","name":"CC Portugal Parts","url":"https:\/\/ccportugalparts.com\/","logo":{"@type":"ImageObject","inLanguage":"pt-PT","@id":"https:\/\/ccportugalparts.com\/#\/schema\/logo\/image\/","url":"https:\/\/ccportugalparts.com\/wp-content\/uploads\/2018\/12\/CC-Portugal-Parts.png","contentUrl":"https:\/\/ccportugalparts.com\/wp-content\/uploads\/2018\/12\/CC-Portugal-Parts.png","width":960,"height":560,"caption":"CC Portugal Parts"},"image":{"@id":"https:\/\/ccportugalparts.com\/#\/schema\/logo\/image\/"}}]}},"jetpack_sharing_enabled":true,"_links":{"self":[{"href":"https:\/\/ccportugalparts.com\/index.php\/wp-json\/wp\/v2\/product\/11161","targetHints":{"allow":["GET"]}}],"collection":[{"href":"https:\/\/ccportugalparts.com\/index.php\/wp-json\/wp\/v2\/product"}],"about":[{"href":"https:\/\/ccportugalparts.com\/index.php\/wp-json\/wp\/v2\/types\/product"}],"replies":[{"embeddable":true,"href":"https:\/\/ccportugalparts.com\/index.php\/wp-json\/wp\/v2\/comments?post=11161"}],"wp:attachment":[{"href":"https:\/\/ccportugalparts.com\/index.php\/wp-json\/wp\/v2\/media?parent=11161"}],"wp:term":[{"taxonomy":"product_brand","embeddable":true,"href":"https:\/\/ccportugalparts.com\/index.php\/wp-json\/wp\/v2\/product_brand?post=11161"},{"taxonomy":"product_cat","embeddable":true,"href":"https:\/\/ccportugalparts.com\/index.php\/wp-json\/wp\/v2\/product_cat?post=11161"},{"taxonomy":"product_tag","embeddable":true,"href":"https:\/\/ccportugalparts.com\/index.php\/wp-json\/wp\/v2\/product_tag?post=11161"}],"curies":[{"name":"wp","href":"https:\/\/api.w.org\/{rel}","templated":true}]}}