{"id":10671,"date":"2019-03-22T12:37:56","date_gmt":"2019-03-22T11:37:56","guid":{"rendered":"https:\/\/ccportugalparts.com\/index.php\/product\/filtro-habitaculo\/"},"modified":"2019-03-22T12:37:56","modified_gmt":"2019-03-22T11:37:56","slug":"filtro-habitaculo","status":"publish","type":"product","link":"https:\/\/ccportugalparts.com\/index.php\/product\/filtro-habitaculo\/","title":{"rendered":"Filtro Habit\u00e1culo"},"content":{"rendered":"<p>O Filtro de Habit\u00e1culo serve para que o condutor e os passageiros do autom\u00f3vel possam respirar um ar mais puro dentro da viatura, sendo inclusivamente muito importante para bem estar de quem sofre com as alergias. Deste modo as part\u00edculas nocivas, bact\u00e9rias, p\u00f3len, p\u00f3s e gases ou cheiros desagrad\u00e1veis s\u00e3o filtrados do ar que entra no habit\u00e1culo. <\/p>\n","protected":false},"excerpt":{"rendered":"<p>O Filtro de Habit\u00e1culo serve para que o condutor e os passageiros do autom\u00f3vel possam respirar um ar mais puro dentro da viatura, sendo inclusivamente muito importante para bem estar de quem sofre com as alergias. Deste modo as part\u00edculas nocivas, bact\u00e9rias, p\u00f3len, p\u00f3s e gases ou cheiros desagrad\u00e1veis s\u00e3o filtrados do ar que entra<br \/><a class=\"more-link\" href=\"https:\/\/ccportugalparts.com\/index.php\/product\/filtro-habitaculo\/\"><br \/>\n        Read More<span class=\"screen-reader-text\"> &#8220;Filtro Habit\u00e1culo&#8221;<\/span><\/a><\/p>\n","protected":false},"featured_media":8524,"comment_status":"open","ping_status":"closed","template":"","meta":[],"product_brand":[],"product_cat":[185],"product_tag":[],"class_list":{"0":"post-10671","1":"product","2":"type-product","3":"status-publish","4":"has-post-thumbnail","6":"product_cat-sandelo-i-12","7":"pa_versao-gasolina","8":"badges-style-3","10":"first","11":"instock","12":"taxable","13":"shipping-taxable","14":"purchasable","15":"product-type-simple"},"yoast_head":"<!-- This site is optimized with the Yoast SEO plugin v27.4 - https:\/\/yoast.com\/product\/yoast-seo-wordpress\/ -->\n<title>Filtro Habit\u00e1culo - CC Portugal Parts<\/title>\n<meta name=\"robots\" content=\"index, follow, max-snippet:-1, max-image-preview:large, max-video-preview:-1\" \/>\n<link rel=\"canonical\" href=\"https:\/\/ccportugalparts.com\/index.php\/product\/filtro-habitaculo\/\" \/>\n<meta property=\"og:locale\" content=\"pt_PT\" \/>\n<meta property=\"og:type\" content=\"article\" \/>\n<meta property=\"og:title\" content=\"Filtro Habit\u00e1culo - CC Portugal Parts\" \/>\n<meta property=\"og:description\" content=\"O Filtro de Habit\u00e1culo serve para que o condutor e os passageiros do autom\u00f3vel possam respirar um ar mais puro dentro da viatura, sendo inclusivamente muito importante para bem estar de quem sofre com as alergias. Deste modo as part\u00edculas nocivas, bact\u00e9rias, p\u00f3len, p\u00f3s e gases ou cheiros desagrad\u00e1veis s\u00e3o filtrados do ar que entra     Read More &quot;Filtro Habit\u00e1culo&quot;\" \/>\n<meta property=\"og:url\" content=\"https:\/\/ccportugalparts.com\/index.php\/product\/filtro-habitaculo\/\" \/>\n<meta property=\"og:site_name\" content=\"CC Portugal Parts\" \/>\n<meta property=\"og:image\" content=\"https:\/\/ccportugalparts.com\/wp-content\/uploads\/2019\/01\/23104.jpg\" \/>\n\t<meta property=\"og:image:width\" content=\"287\" \/>\n\t<meta property=\"og:image:height\" content=\"176\" \/>\n\t<meta property=\"og:image:type\" content=\"image\/jpeg\" \/>\n<meta name=\"twitter:card\" content=\"summary_large_image\" \/>\n<script type=\"application\/ld+json\" class=\"yoast-schema-graph\">{\"@context\":\"https:\\\/\\\/schema.org\",\"@graph\":[{\"@type\":\"WebPage\",\"@id\":\"https:\\\/\\\/ccportugalparts.com\\\/index.php\\\/product\\\/filtro-habitaculo\\\/\",\"url\":\"https:\\\/\\\/ccportugalparts.com\\\/index.php\\\/product\\\/filtro-habitaculo\\\/\",\"name\":\"Filtro Habit\u00e1culo - CC Portugal Parts\",\"isPartOf\":{\"@id\":\"https:\\\/\\\/ccportugalparts.com\\\/#website\"},\"primaryImageOfPage\":{\"@id\":\"https:\\\/\\\/ccportugalparts.com\\\/index.php\\\/product\\\/filtro-habitaculo\\\/#primaryimage\"},\"image\":{\"@id\":\"https:\\\/\\\/ccportugalparts.com\\\/index.php\\\/product\\\/filtro-habitaculo\\\/#primaryimage\"},\"thumbnailUrl\":\"https:\\\/\\\/i0.wp.com\\\/ccportugalparts.com\\\/wp-content\\\/uploads\\\/2019\\\/01\\\/23104.jpg?fit=287%2C176&ssl=1\",\"datePublished\":\"2019-03-22T11:37:56+00:00\",\"breadcrumb\":{\"@id\":\"https:\\\/\\\/ccportugalparts.com\\\/index.php\\\/product\\\/filtro-habitaculo\\\/#breadcrumb\"},\"inLanguage\":\"pt-PT\",\"potentialAction\":[{\"@type\":\"ReadAction\",\"target\":[\"https:\\\/\\\/ccportugalparts.com\\\/index.php\\\/product\\\/filtro-habitaculo\\\/\"]}]},{\"@type\":\"ImageObject\",\"inLanguage\":\"pt-PT\",\"@id\":\"https:\\\/\\\/ccportugalparts.com\\\/index.php\\\/product\\\/filtro-habitaculo\\\/#primaryimage\",\"url\":\"https:\\\/\\\/i0.wp.com\\\/ccportugalparts.com\\\/wp-content\\\/uploads\\\/2019\\\/01\\\/23104.jpg?fit=287%2C176&ssl=1\",\"contentUrl\":\"https:\\\/\\\/i0.wp.com\\\/ccportugalparts.com\\\/wp-content\\\/uploads\\\/2019\\\/01\\\/23104.jpg?fit=287%2C176&ssl=1\",\"width\":287,\"height\":176},{\"@type\":\"BreadcrumbList\",\"@id\":\"https:\\\/\\\/ccportugalparts.com\\\/index.php\\\/product\\\/filtro-habitaculo\\\/#breadcrumb\",\"itemListElement\":[{\"@type\":\"ListItem\",\"position\":1,\"name\":\"In\u00edcio\",\"item\":\"https:\\\/\\\/ccportugalparts.com\\\/\"},{\"@type\":\"ListItem\",\"position\":2,\"name\":\"Loja\",\"item\":\"https:\\\/\\\/ccportugalparts.com\\\/index.php\\\/loja\\\/\"},{\"@type\":\"ListItem\",\"position\":3,\"name\":\"Filtro Habit\u00e1culo\"}]},{\"@type\":\"WebSite\",\"@id\":\"https:\\\/\\\/ccportugalparts.com\\\/#website\",\"url\":\"https:\\\/\\\/ccportugalparts.com\\\/\",\"name\":\"CC Portugal Parts\",\"description\":\"\",\"publisher\":{\"@id\":\"https:\\\/\\\/ccportugalparts.com\\\/#organization\"},\"potentialAction\":[{\"@type\":\"SearchAction\",\"target\":{\"@type\":\"EntryPoint\",\"urlTemplate\":\"https:\\\/\\\/ccportugalparts.com\\\/?s={search_term_string}\"},\"query-input\":{\"@type\":\"PropertyValueSpecification\",\"valueRequired\":true,\"valueName\":\"search_term_string\"}}],\"inLanguage\":\"pt-PT\"},{\"@type\":\"Organization\",\"@id\":\"https:\\\/\\\/ccportugalparts.com\\\/#organization\",\"name\":\"CC Portugal Parts\",\"url\":\"https:\\\/\\\/ccportugalparts.com\\\/\",\"logo\":{\"@type\":\"ImageObject\",\"inLanguage\":\"pt-PT\",\"@id\":\"https:\\\/\\\/ccportugalparts.com\\\/#\\\/schema\\\/logo\\\/image\\\/\",\"url\":\"https:\\\/\\\/ccportugalparts.com\\\/wp-content\\\/uploads\\\/2018\\\/12\\\/CC-Portugal-Parts.png\",\"contentUrl\":\"https:\\\/\\\/ccportugalparts.com\\\/wp-content\\\/uploads\\\/2018\\\/12\\\/CC-Portugal-Parts.png\",\"width\":960,\"height\":560,\"caption\":\"CC Portugal Parts\"},\"image\":{\"@id\":\"https:\\\/\\\/ccportugalparts.com\\\/#\\\/schema\\\/logo\\\/image\\\/\"}}]}<\/script>\n<!-- \/ Yoast SEO plugin. -->","yoast_head_json":{"title":"Filtro Habit\u00e1culo - CC Portugal Parts","robots":{"index":"index","follow":"follow","max-snippet":"max-snippet:-1","max-image-preview":"max-image-preview:large","max-video-preview":"max-video-preview:-1"},"canonical":"https:\/\/ccportugalparts.com\/index.php\/product\/filtro-habitaculo\/","og_locale":"pt_PT","og_type":"article","og_title":"Filtro Habit\u00e1culo - CC Portugal Parts","og_description":"O Filtro de Habit\u00e1culo serve para que o condutor e os passageiros do autom\u00f3vel possam respirar um ar mais puro dentro da viatura, sendo inclusivamente muito importante para bem estar de quem sofre com as alergias. Deste modo as part\u00edculas nocivas, bact\u00e9rias, p\u00f3len, p\u00f3s e gases ou cheiros desagrad\u00e1veis s\u00e3o filtrados do ar que entra     Read More \"Filtro Habit\u00e1culo\"","og_url":"https:\/\/ccportugalparts.com\/index.php\/product\/filtro-habitaculo\/","og_site_name":"CC Portugal Parts","og_image":[{"width":287,"height":176,"url":"https:\/\/ccportugalparts.com\/wp-content\/uploads\/2019\/01\/23104.jpg","type":"image\/jpeg"}],"twitter_card":"summary_large_image","schema":{"@context":"https:\/\/schema.org","@graph":[{"@type":"WebPage","@id":"https:\/\/ccportugalparts.com\/index.php\/product\/filtro-habitaculo\/","url":"https:\/\/ccportugalparts.com\/index.php\/product\/filtro-habitaculo\/","name":"Filtro Habit\u00e1culo - CC Portugal Parts","isPartOf":{"@id":"https:\/\/ccportugalparts.com\/#website"},"primaryImageOfPage":{"@id":"https:\/\/ccportugalparts.com\/index.php\/product\/filtro-habitaculo\/#primaryimage"},"image":{"@id":"https:\/\/ccportugalparts.com\/index.php\/product\/filtro-habitaculo\/#primaryimage"},"thumbnailUrl":"https:\/\/i0.wp.com\/ccportugalparts.com\/wp-content\/uploads\/2019\/01\/23104.jpg?fit=287%2C176&ssl=1","datePublished":"2019-03-22T11:37:56+00:00","breadcrumb":{"@id":"https:\/\/ccportugalparts.com\/index.php\/product\/filtro-habitaculo\/#breadcrumb"},"inLanguage":"pt-PT","potentialAction":[{"@type":"ReadAction","target":["https:\/\/ccportugalparts.com\/index.php\/product\/filtro-habitaculo\/"]}]},{"@type":"ImageObject","inLanguage":"pt-PT","@id":"https:\/\/ccportugalparts.com\/index.php\/product\/filtro-habitaculo\/#primaryimage","url":"https:\/\/i0.wp.com\/ccportugalparts.com\/wp-content\/uploads\/2019\/01\/23104.jpg?fit=287%2C176&ssl=1","contentUrl":"https:\/\/i0.wp.com\/ccportugalparts.com\/wp-content\/uploads\/2019\/01\/23104.jpg?fit=287%2C176&ssl=1","width":287,"height":176},{"@type":"BreadcrumbList","@id":"https:\/\/ccportugalparts.com\/index.php\/product\/filtro-habitaculo\/#breadcrumb","itemListElement":[{"@type":"ListItem","position":1,"name":"In\u00edcio","item":"https:\/\/ccportugalparts.com\/"},{"@type":"ListItem","position":2,"name":"Loja","item":"https:\/\/ccportugalparts.com\/index.php\/loja\/"},{"@type":"ListItem","position":3,"name":"Filtro Habit\u00e1culo"}]},{"@type":"WebSite","@id":"https:\/\/ccportugalparts.com\/#website","url":"https:\/\/ccportugalparts.com\/","name":"CC Portugal Parts","description":"","publisher":{"@id":"https:\/\/ccportugalparts.com\/#organization"},"potentialAction":[{"@type":"SearchAction","target":{"@type":"EntryPoint","urlTemplate":"https:\/\/ccportugalparts.com\/?s={search_term_string}"},"query-input":{"@type":"PropertyValueSpecification","valueRequired":true,"valueName":"search_term_string"}}],"inLanguage":"pt-PT"},{"@type":"Organization","@id":"https:\/\/ccportugalparts.com\/#organization","name":"CC Portugal Parts","url":"https:\/\/ccportugalparts.com\/","logo":{"@type":"ImageObject","inLanguage":"pt-PT","@id":"https:\/\/ccportugalparts.com\/#\/schema\/logo\/image\/","url":"https:\/\/ccportugalparts.com\/wp-content\/uploads\/2018\/12\/CC-Portugal-Parts.png","contentUrl":"https:\/\/ccportugalparts.com\/wp-content\/uploads\/2018\/12\/CC-Portugal-Parts.png","width":960,"height":560,"caption":"CC Portugal Parts"},"image":{"@id":"https:\/\/ccportugalparts.com\/#\/schema\/logo\/image\/"}}]}},"jetpack_sharing_enabled":true,"_links":{"self":[{"href":"https:\/\/ccportugalparts.com\/index.php\/wp-json\/wp\/v2\/product\/10671","targetHints":{"allow":["GET"]}}],"collection":[{"href":"https:\/\/ccportugalparts.com\/index.php\/wp-json\/wp\/v2\/product"}],"about":[{"href":"https:\/\/ccportugalparts.com\/index.php\/wp-json\/wp\/v2\/types\/product"}],"replies":[{"embeddable":true,"href":"https:\/\/ccportugalparts.com\/index.php\/wp-json\/wp\/v2\/comments?post=10671"}],"wp:featuredmedia":[{"embeddable":true,"href":"https:\/\/ccportugalparts.com\/index.php\/wp-json\/wp\/v2\/media\/8524"}],"wp:attachment":[{"href":"https:\/\/ccportugalparts.com\/index.php\/wp-json\/wp\/v2\/media?parent=10671"}],"wp:term":[{"taxonomy":"product_brand","embeddable":true,"href":"https:\/\/ccportugalparts.com\/index.php\/wp-json\/wp\/v2\/product_brand?post=10671"},{"taxonomy":"product_cat","embeddable":true,"href":"https:\/\/ccportugalparts.com\/index.php\/wp-json\/wp\/v2\/product_cat?post=10671"},{"taxonomy":"product_tag","embeddable":true,"href":"https:\/\/ccportugalparts.com\/index.php\/wp-json\/wp\/v2\/product_tag?post=10671"}],"curies":[{"name":"wp","href":"https:\/\/api.w.org\/{rel}","templated":true}]}}