{"id":3228,"date":"2010-07-25T19:40:01","date_gmt":"2010-07-25T17:40:01","guid":{"rendered":"http:\/\/wpthemetestdata.wordpress.com\/about\/"},"modified":"2019-02-28T19:36:35","modified_gmt":"2019-02-28T18:36:35","slug":"acerca","status":"publish","type":"page","link":"https:\/\/ccportugalparts.com\/index.php\/acerca\/","title":{"rendered":"Acerca"},"content":{"rendered":"\t\t<div data-elementor-type=\"wp-post\" data-elementor-id=\"3228\" class=\"elementor elementor-3228 elementor-bc-flex-widget\">\n\t\t\t\t\t\t<section class=\"elementor-section elementor-top-section elementor-element elementor-element-2a04ebc5 elementor-section-stretched elementor-section-boxed elementor-section-height-default elementor-section-height-default\" data-id=\"2a04ebc5\" data-element_type=\"section\" data-e-type=\"section\" data-settings=\"{&quot;stretch_section&quot;:&quot;section-stretched&quot;,&quot;background_background&quot;:&quot;classic&quot;}\">\n\t\t\t\t\t\t<div class=\"elementor-container elementor-column-gap-default\">\n\t\t\t\t\t<div class=\"elementor-column elementor-col-50 elementor-top-column elementor-element elementor-element-23f50bf9\" data-id=\"23f50bf9\" data-element_type=\"column\" data-e-type=\"column\">\n\t\t\t<div class=\"elementor-widget-wrap elementor-element-populated\">\n\t\t\t\t\t\t<div class=\"elementor-element elementor-element-362eee6 elementor-widget elementor-widget-heading\" data-id=\"362eee6\" data-element_type=\"widget\" data-e-type=\"widget\" data-widget_type=\"heading.default\">\n\t\t\t\t<div class=\"elementor-widget-container\">\n\t\t\t\t\t<h4 class=\"elementor-heading-title elementor-size-default\">A nossa vis\u00e3o<\/h4>\t\t\t\t<\/div>\n\t\t\t\t<\/div>\n\t\t\t\t<div class=\"elementor-element elementor-element-72d3fcc0 elementor-widget elementor-widget-text-editor\" data-id=\"72d3fcc0\" data-element_type=\"widget\" data-e-type=\"widget\" data-widget_type=\"text-editor.default\">\n\t\t\t\t<div class=\"elementor-widget-container\">\n\t\t\t\t\t\t\t\t\t<p><span style=\"font-size: 12.0pt; color: black;\">Desenvolver trabalho de proximidade com os clientes indo de encontro as\u00a0suas reais\u00a0necessidades!<\/span><\/p><p><span style=\"font-size: 12.0pt; color: black;\">Quanto ao n\u00edvel social, contribuir para o desenvolvimento concelho e regi\u00e3o.<\/span><\/p>\t\t\t\t\t\t\t\t<\/div>\n\t\t\t\t<\/div>\n\t\t\t\t<div class=\"elementor-element elementor-element-3f0edfb elementor-widget elementor-widget-heading\" data-id=\"3f0edfb\" data-element_type=\"widget\" data-e-type=\"widget\" data-widget_type=\"heading.default\">\n\t\t\t\t<div class=\"elementor-widget-container\">\n\t\t\t\t\t<h4 class=\"elementor-heading-title elementor-size-default\">A nossa miss\u00e3o<\/h4>\t\t\t\t<\/div>\n\t\t\t\t<\/div>\n\t\t\t\t<div class=\"elementor-element elementor-element-746c0403 elementor-widget elementor-widget-text-editor\" data-id=\"746c0403\" data-element_type=\"widget\" data-e-type=\"widget\" data-widget_type=\"text-editor.default\">\n\t\t\t\t<div class=\"elementor-widget-container\">\n\t\t\t\t\t\t\t\t\t<p><span style=\"font-size: 12pt; color: black;\">Assegurar elevados n\u00edveis de qualidade e funcionalidade das empresas e clientes nos v\u00e1rios ramos actividade em especial na\u00a0repara\u00e7\u00e3o de\u00a0viaturas\u00a0ligeiras, pesadas, equipamentos de terraplanagem equipamentos n\u00e1uticos, equipamentos agr\u00edcolas!<\/span><\/p><p>\u00a0<\/p><p><span style=\"font-size: 12pt; color: black;\">Dentro desta perspectiva,\u00a0oferecer vasta gama de\u00a0pe\u00e7as originais e aftermarket (concorr\u00eancia) aos melhores pre\u00e7os.<\/span><\/p>\t\t\t\t\t\t\t\t<\/div>\n\t\t\t\t<\/div>\n\t\t\t\t<div class=\"elementor-element elementor-element-278191f3 elementor-widget elementor-widget-heading\" data-id=\"278191f3\" data-element_type=\"widget\" data-e-type=\"widget\" data-widget_type=\"heading.default\">\n\t\t\t\t<div class=\"elementor-widget-container\">\n\t\t\t\t\t<h4 class=\"elementor-heading-title elementor-size-default\">Os nossos objectivos<\/h4>\t\t\t\t<\/div>\n\t\t\t\t<\/div>\n\t\t\t\t<div class=\"elementor-element elementor-element-2447a460 elementor-widget elementor-widget-text-editor\" data-id=\"2447a460\" data-element_type=\"widget\" data-e-type=\"widget\" data-widget_type=\"text-editor.default\">\n\t\t\t\t<div class=\"elementor-widget-container\">\n\t\t\t\t\t\t\t\t\t<p><span style=\"font-size: 12.0pt; color: black;\">Comercializar pe\u00e7as e acess\u00f3rios de uma\u00a0vasta rede de marcas\u00a0 ao\u00a0n\u00edvel Portugal Continental, Ilhas e\u00a0Internacional.<\/span><\/p><p>\u00a0<\/p><p><span style=\"font-size: 12.0pt; color: black;\">Colocar sempre em primeiro lugar, a\u00a0satisfa\u00e7\u00e3o dos\u00a0clientes!<\/span><\/p>\t\t\t\t\t\t\t\t<\/div>\n\t\t\t\t<\/div>\n\t\t\t\t\t<\/div>\n\t\t<\/div>\n\t\t\t\t<div class=\"elementor-column elementor-col-50 elementor-top-column elementor-element elementor-element-8ce0119\" data-id=\"8ce0119\" data-element_type=\"column\" data-e-type=\"column\">\n\t\t\t<div class=\"elementor-widget-wrap elementor-element-populated\">\n\t\t\t\t\t\t<div class=\"elementor-element elementor-element-6220cfe elementor-widget elementor-widget-image\" data-id=\"6220cfe\" data-element_type=\"widget\" data-e-type=\"widget\" data-widget_type=\"image.default\">\n\t\t\t\t<div class=\"elementor-widget-container\">\n\t\t\t\t\t\t\t\t\t\t\t\t\t\t\t<img fetchpriority=\"high\" decoding=\"async\" width=\"1920\" height=\"1282\" src=\"https:\/\/i0.wp.com\/ccportugalparts.com\/wp-content\/uploads\/2019\/02\/mountain-road-1556177_1920.jpg?fit=1920%2C1282&amp;ssl=1\" class=\"attachment-full size-full wp-image-10427\" alt=\"\" srcset=\"https:\/\/i0.wp.com\/ccportugalparts.com\/wp-content\/uploads\/2019\/02\/mountain-road-1556177_1920.jpg?w=1920&amp;ssl=1 1920w, https:\/\/i0.wp.com\/ccportugalparts.com\/wp-content\/uploads\/2019\/02\/mountain-road-1556177_1920.jpg?resize=300%2C200&amp;ssl=1 300w, https:\/\/i0.wp.com\/ccportugalparts.com\/wp-content\/uploads\/2019\/02\/mountain-road-1556177_1920.jpg?resize=768%2C513&amp;ssl=1 768w, https:\/\/i0.wp.com\/ccportugalparts.com\/wp-content\/uploads\/2019\/02\/mountain-road-1556177_1920.jpg?resize=1024%2C684&amp;ssl=1 1024w, https:\/\/i0.wp.com\/ccportugalparts.com\/wp-content\/uploads\/2019\/02\/mountain-road-1556177_1920.jpg?resize=600%2C401&amp;ssl=1 600w, https:\/\/i0.wp.com\/ccportugalparts.com\/wp-content\/uploads\/2019\/02\/mountain-road-1556177_1920.jpg?resize=64%2C43&amp;ssl=1 64w\" sizes=\"(max-width: 1200px) 100vw, 1200px\" \/>\t\t\t\t\t\t\t\t\t\t\t\t\t\t\t<\/div>\n\t\t\t\t<\/div>\n\t\t\t\t\t<\/div>\n\t\t<\/div>\n\t\t\t\t\t<\/div>\n\t\t<\/section>\n\t\t\t\t<section class=\"elementor-section elementor-top-section elementor-element elementor-element-3ab2529d elementor-section-boxed elementor-section-height-default elementor-section-height-default\" data-id=\"3ab2529d\" data-element_type=\"section\" data-e-type=\"section\">\n\t\t\t\t\t\t<div class=\"elementor-container elementor-column-gap-default\">\n\t\t\t\t\t<div class=\"elementor-column elementor-col-100 elementor-top-column elementor-element elementor-element-24a6970b\" data-id=\"24a6970b\" data-element_type=\"column\" data-e-type=\"column\">\n\t\t\t<div class=\"elementor-widget-wrap elementor-element-populated\">\n\t\t\t\t\t\t<div class=\"elementor-element elementor-element-3282698 chromium-title elementor-widget elementor-widget-heading\" data-id=\"3282698\" data-element_type=\"widget\" data-e-type=\"widget\" data-widget_type=\"heading.default\">\n\t\t\t\t<div class=\"elementor-widget-container\">\n\t\t\t\t\t<h2 class=\"elementor-heading-title elementor-size-default\"><span>Alguns<\/span> N\u00daMEROS<\/h2>\t\t\t\t<\/div>\n\t\t\t\t<\/div>\n\t\t\t\t\t<\/div>\n\t\t<\/div>\n\t\t\t\t\t<\/div>\n\t\t<\/section>\n\t\t\t\t<section class=\"elementor-section elementor-top-section elementor-element elementor-element-353aef21 elementor-section-boxed elementor-section-height-default elementor-section-height-default\" data-id=\"353aef21\" data-element_type=\"section\" data-e-type=\"section\">\n\t\t\t\t\t\t<div class=\"elementor-container elementor-column-gap-default\">\n\t\t\t\t\t<div class=\"elementor-column elementor-col-12 elementor-top-column elementor-element elementor-element-3842b6a4\" data-id=\"3842b6a4\" data-element_type=\"column\" data-e-type=\"column\" data-settings=\"{&quot;background_background&quot;:&quot;classic&quot;}\">\n\t\t\t<div class=\"elementor-widget-wrap elementor-element-populated\">\n\t\t\t\t\t\t<div class=\"elementor-element elementor-element-6b07b14 left-aligned elementor-view-default elementor-widget elementor-widget-icon\" data-id=\"6b07b14\" data-element_type=\"widget\" data-e-type=\"widget\" data-widget_type=\"icon.default\">\n\t\t\t\t<div class=\"elementor-widget-container\">\n\t\t\t\t\t\t\t<div class=\"elementor-icon-wrapper\">\n\t\t\t<div class=\"elementor-icon elementor-animation-grow\">\n\t\t\t\t\t\t\t<i class=\"fa fa-thumbs-o-up\" aria-hidden=\"true\"><\/i>\n\t\t\t\t\t\t<\/div>\n\t\t<\/div>\n\t\t\t\t\t\t<\/div>\n\t\t\t\t<\/div>\n\t\t\t\t\t<\/div>\n\t\t<\/div>\n\t\t\t\t<div class=\"elementor-column elementor-col-12 elementor-top-column elementor-element elementor-element-210cfa44\" data-id=\"210cfa44\" data-element_type=\"column\" data-e-type=\"column\" data-settings=\"{&quot;background_background&quot;:&quot;classic&quot;}\">\n\t\t\t<div class=\"elementor-widget-wrap elementor-element-populated\">\n\t\t\t\t\t\t<div class=\"elementor-element elementor-element-d5ed07c alignleft elementor-widget elementor-widget-counter\" data-id=\"d5ed07c\" data-element_type=\"widget\" data-e-type=\"widget\" data-widget_type=\"counter.default\">\n\t\t\t\t<div class=\"elementor-widget-container\">\n\t\t\t\t\t\t\t<div class=\"elementor-counter\">\n\t\t\t<div class=\"elementor-counter-title\">Clientes Satisfeitos<\/div>\t\t\t<div class=\"elementor-counter-number-wrapper\">\n\t\t\t\t<span class=\"elementor-counter-number-prefix\"><\/span>\n\t\t\t\t<span class=\"elementor-counter-number\" data-duration=\"1200\" data-to-value=\"14000\" data-from-value=\"\"><\/span>\n\t\t\t\t<span class=\"elementor-counter-number-suffix\">+<\/span>\n\t\t\t<\/div>\n\t\t<\/div>\n\t\t\t\t\t\t<\/div>\n\t\t\t\t<\/div>\n\t\t\t\t\t<\/div>\n\t\t<\/div>\n\t\t\t\t<div class=\"elementor-column elementor-col-12 elementor-top-column elementor-element elementor-element-1196264c\" data-id=\"1196264c\" data-element_type=\"column\" data-e-type=\"column\" data-settings=\"{&quot;background_background&quot;:&quot;classic&quot;}\">\n\t\t\t<div class=\"elementor-widget-wrap elementor-element-populated\">\n\t\t\t\t\t\t<div class=\"elementor-element elementor-element-532a59bd left-aligned elementor-view-default elementor-widget elementor-widget-icon\" data-id=\"532a59bd\" data-element_type=\"widget\" data-e-type=\"widget\" data-widget_type=\"icon.default\">\n\t\t\t\t<div class=\"elementor-widget-container\">\n\t\t\t\t\t\t\t<div class=\"elementor-icon-wrapper\">\n\t\t\t<div class=\"elementor-icon elementor-animation-grow\">\n\t\t\t\t\t\t\t<i class=\"fa fa-globe\" aria-hidden=\"true\"><\/i>\n\t\t\t\t\t\t<\/div>\n\t\t<\/div>\n\t\t\t\t\t\t<\/div>\n\t\t\t\t<\/div>\n\t\t\t\t\t<\/div>\n\t\t<\/div>\n\t\t\t\t<div class=\"elementor-column elementor-col-12 elementor-top-column elementor-element elementor-element-7848318\" data-id=\"7848318\" data-element_type=\"column\" data-e-type=\"column\" data-settings=\"{&quot;background_background&quot;:&quot;classic&quot;}\">\n\t\t\t<div class=\"elementor-widget-wrap elementor-element-populated\">\n\t\t\t\t\t\t<div class=\"elementor-element elementor-element-622b7c8e alignleft elementor-widget elementor-widget-counter\" data-id=\"622b7c8e\" data-element_type=\"widget\" data-e-type=\"widget\" data-widget_type=\"counter.default\">\n\t\t\t\t<div class=\"elementor-widget-container\">\n\t\t\t\t\t\t\t<div class=\"elementor-counter\">\n\t\t\t<div class=\"elementor-counter-title\">Pa\u00edses<\/div>\t\t\t<div class=\"elementor-counter-number-wrapper\">\n\t\t\t\t<span class=\"elementor-counter-number-prefix\"><\/span>\n\t\t\t\t<span class=\"elementor-counter-number\" data-duration=\"1200\" data-to-value=\"50\" data-from-value=\"\" data-delimiter=\" \"><\/span>\n\t\t\t\t<span class=\"elementor-counter-number-suffix\"><\/span>\n\t\t\t<\/div>\n\t\t<\/div>\n\t\t\t\t\t\t<\/div>\n\t\t\t\t<\/div>\n\t\t\t\t\t<\/div>\n\t\t<\/div>\n\t\t\t\t<div class=\"elementor-column elementor-col-12 elementor-top-column elementor-element elementor-element-6c139da5\" data-id=\"6c139da5\" data-element_type=\"column\" data-e-type=\"column\" data-settings=\"{&quot;background_background&quot;:&quot;classic&quot;}\">\n\t\t\t<div class=\"elementor-widget-wrap elementor-element-populated\">\n\t\t\t\t\t\t<div class=\"elementor-element elementor-element-2515ecfb left-aligned elementor-view-default elementor-widget elementor-widget-icon\" data-id=\"2515ecfb\" data-element_type=\"widget\" data-e-type=\"widget\" data-widget_type=\"icon.default\">\n\t\t\t\t<div class=\"elementor-widget-container\">\n\t\t\t\t\t\t\t<div class=\"elementor-icon-wrapper\">\n\t\t\t<div class=\"elementor-icon elementor-animation-grow\">\n\t\t\t\t\t\t\t<i class=\"fa fa-briefcase\" aria-hidden=\"true\"><\/i>\n\t\t\t\t\t\t<\/div>\n\t\t<\/div>\n\t\t\t\t\t\t<\/div>\n\t\t\t\t<\/div>\n\t\t\t\t\t<\/div>\n\t\t<\/div>\n\t\t\t\t<div class=\"elementor-column elementor-col-12 elementor-top-column elementor-element elementor-element-563fe37b\" data-id=\"563fe37b\" data-element_type=\"column\" data-e-type=\"column\" data-settings=\"{&quot;background_background&quot;:&quot;classic&quot;}\">\n\t\t\t<div class=\"elementor-widget-wrap elementor-element-populated\">\n\t\t\t\t\t\t<div class=\"elementor-element elementor-element-1409a460 alignleft elementor-widget elementor-widget-counter\" data-id=\"1409a460\" data-element_type=\"widget\" data-e-type=\"widget\" data-widget_type=\"counter.default\">\n\t\t\t\t<div class=\"elementor-widget-container\">\n\t\t\t\t\t\t\t<div class=\"elementor-counter\">\n\t\t\t<div class=\"elementor-counter-title\">Anos de  trabalho<\/div>\t\t\t<div class=\"elementor-counter-number-wrapper\">\n\t\t\t\t<span class=\"elementor-counter-number-prefix\"><\/span>\n\t\t\t\t<span class=\"elementor-counter-number\" data-duration=\"1200\" data-to-value=\"10\" data-from-value=\"\" data-delimiter=\" \"><\/span>\n\t\t\t\t<span class=\"elementor-counter-number-suffix\">+<\/span>\n\t\t\t<\/div>\n\t\t<\/div>\n\t\t\t\t\t\t<\/div>\n\t\t\t\t<\/div>\n\t\t\t\t\t<\/div>\n\t\t<\/div>\n\t\t\t\t<div class=\"elementor-column elementor-col-12 elementor-top-column elementor-element elementor-element-26130880\" data-id=\"26130880\" data-element_type=\"column\" data-e-type=\"column\" data-settings=\"{&quot;background_background&quot;:&quot;classic&quot;}\">\n\t\t\t<div class=\"elementor-widget-wrap elementor-element-populated\">\n\t\t\t\t\t\t<div class=\"elementor-element elementor-element-d3479cc left-aligned elementor-view-default elementor-widget elementor-widget-icon\" data-id=\"d3479cc\" data-element_type=\"widget\" data-e-type=\"widget\" data-widget_type=\"icon.default\">\n\t\t\t\t<div class=\"elementor-widget-container\">\n\t\t\t\t\t\t\t<div class=\"elementor-icon-wrapper\">\n\t\t\t<div class=\"elementor-icon elementor-animation-grow\">\n\t\t\t\t\t\t\t<i class=\"fa fa-code\" aria-hidden=\"true\"><\/i>\n\t\t\t\t\t\t<\/div>\n\t\t<\/div>\n\t\t\t\t\t\t<\/div>\n\t\t\t\t<\/div>\n\t\t\t\t\t<\/div>\n\t\t<\/div>\n\t\t\t\t<div class=\"elementor-column elementor-col-12 elementor-top-column elementor-element elementor-element-58677ae5\" data-id=\"58677ae5\" data-element_type=\"column\" data-e-type=\"column\" data-settings=\"{&quot;background_background&quot;:&quot;classic&quot;}\">\n\t\t\t<div class=\"elementor-widget-wrap elementor-element-populated\">\n\t\t\t\t\t\t<div class=\"elementor-element elementor-element-60fb5c90 alignleft elementor-widget elementor-widget-counter\" data-id=\"60fb5c90\" data-element_type=\"widget\" data-e-type=\"widget\" data-widget_type=\"counter.default\">\n\t\t\t\t<div class=\"elementor-widget-container\">\n\t\t\t\t\t\t\t<div class=\"elementor-counter\">\n\t\t\t<div class=\"elementor-counter-title\">Produtos<\/div>\t\t\t<div class=\"elementor-counter-number-wrapper\">\n\t\t\t\t<span class=\"elementor-counter-number-prefix\"><\/span>\n\t\t\t\t<span class=\"elementor-counter-number\" data-duration=\"1200\" data-to-value=\"2000\" data-from-value=\"\"><\/span>\n\t\t\t\t<span class=\"elementor-counter-number-suffix\">+<\/span>\n\t\t\t<\/div>\n\t\t<\/div>\n\t\t\t\t\t\t<\/div>\n\t\t\t\t<\/div>\n\t\t\t\t\t<\/div>\n\t\t<\/div>\n\t\t\t\t\t<\/div>\n\t\t<\/section>\n\t\t\t\t<\/div>\n\t\t","protected":false},"excerpt":{"rendered":"<p>A nossa vis\u00e3o Desenvolver trabalho de proximidade com os clientes indo de encontro as\u00a0suas reais\u00a0necessidades! Quanto ao n\u00edvel social, contribuir para o desenvolvimento concelho e regi\u00e3o. A nossa miss\u00e3o Assegurar elevados n\u00edveis de qualidade e funcionalidade das empresas e clientes nos v\u00e1rios ramos actividade em especial na\u00a0repara\u00e7\u00e3o de\u00a0viaturas\u00a0ligeiras, pesadas, equipamentos de terraplanagem equipamentos n\u00e1uticos, equipamentos<br \/><a class=\"more-link\" href=\"https:\/\/ccportugalparts.com\/index.php\/acerca\/\"><br \/>\n        Read More<span class=\"screen-reader-text\"> &#8220;Acerca&#8221;<\/span><\/a><\/p>\n","protected":false},"author":1,"featured_media":0,"parent":0,"menu_order":1,"comment_status":"closed","ping_status":"closed","template":"","meta":{"footnotes":""},"class_list":["post-3228","page","type-page","status-publish","hentry","badges-style-3"],"yoast_head":"<!-- This site is optimized with the Yoast SEO plugin v27.4 - https:\/\/yoast.com\/product\/yoast-seo-wordpress\/ -->\n<title>Acerca - CC Portugal Parts<\/title>\n<meta name=\"robots\" content=\"noindex, follow\" \/>\n<meta property=\"og:locale\" content=\"pt_PT\" \/>\n<meta property=\"og:type\" content=\"article\" \/>\n<meta property=\"og:title\" content=\"Acerca - CC Portugal Parts\" \/>\n<meta property=\"og:description\" content=\"A nossa vis\u00e3o Desenvolver trabalho de proximidade com os clientes indo de encontro as\u00a0suas reais\u00a0necessidades! Quanto ao n\u00edvel social, contribuir para o desenvolvimento concelho e regi\u00e3o. A nossa miss\u00e3o Assegurar elevados n\u00edveis de qualidade e funcionalidade das empresas e clientes nos v\u00e1rios ramos actividade em especial na\u00a0repara\u00e7\u00e3o de\u00a0viaturas\u00a0ligeiras, pesadas, equipamentos de terraplanagem equipamentos n\u00e1uticos, equipamentos     Read More &quot;Acerca&quot;\" \/>\n<meta property=\"og:url\" content=\"https:\/\/ccportugalparts.com\/index.php\/acerca\/\" \/>\n<meta property=\"og:site_name\" content=\"CC Portugal Parts\" \/>\n<meta property=\"article:modified_time\" content=\"2019-02-28T18:36:35+00:00\" \/>\n<meta property=\"og:image\" content=\"https:\/\/i0.wp.com\/ccportugalparts.com\/wp-content\/uploads\/2019\/02\/mountain-road-1556177_1920.jpg?fit=1920%2C1282&ssl=1\" \/>\n\t<meta property=\"og:image:width\" content=\"1920\" \/>\n\t<meta property=\"og:image:height\" content=\"1282\" \/>\n\t<meta property=\"og:image:type\" content=\"image\/jpeg\" \/>\n<meta name=\"twitter:card\" content=\"summary_large_image\" \/>\n<meta name=\"twitter:label1\" content=\"Tempo estimado de leitura\" \/>\n\t<meta name=\"twitter:data1\" content=\"1 minuto\" \/>\n<script type=\"application\/ld+json\" class=\"yoast-schema-graph\">{\"@context\":\"https:\\\/\\\/schema.org\",\"@graph\":[{\"@type\":\"WebPage\",\"@id\":\"https:\\\/\\\/ccportugalparts.com\\\/index.php\\\/acerca\\\/\",\"url\":\"https:\\\/\\\/ccportugalparts.com\\\/index.php\\\/acerca\\\/\",\"name\":\"Acerca - CC Portugal Parts\",\"isPartOf\":{\"@id\":\"https:\\\/\\\/ccportugalparts.com\\\/#website\"},\"primaryImageOfPage\":{\"@id\":\"https:\\\/\\\/ccportugalparts.com\\\/index.php\\\/acerca\\\/#primaryimage\"},\"image\":{\"@id\":\"https:\\\/\\\/ccportugalparts.com\\\/index.php\\\/acerca\\\/#primaryimage\"},\"thumbnailUrl\":\"https:\\\/\\\/ccportugalparts.com\\\/wp-content\\\/uploads\\\/2019\\\/02\\\/mountain-road-1556177_1920.jpg\",\"datePublished\":\"2010-07-25T17:40:01+00:00\",\"dateModified\":\"2019-02-28T18:36:35+00:00\",\"breadcrumb\":{\"@id\":\"https:\\\/\\\/ccportugalparts.com\\\/index.php\\\/acerca\\\/#breadcrumb\"},\"inLanguage\":\"pt-PT\",\"potentialAction\":[{\"@type\":\"ReadAction\",\"target\":[\"https:\\\/\\\/ccportugalparts.com\\\/index.php\\\/acerca\\\/\"]}]},{\"@type\":\"ImageObject\",\"inLanguage\":\"pt-PT\",\"@id\":\"https:\\\/\\\/ccportugalparts.com\\\/index.php\\\/acerca\\\/#primaryimage\",\"url\":\"https:\\\/\\\/i0.wp.com\\\/ccportugalparts.com\\\/wp-content\\\/uploads\\\/2019\\\/02\\\/mountain-road-1556177_1920.jpg?fit=1920%2C1282&ssl=1\",\"contentUrl\":\"https:\\\/\\\/i0.wp.com\\\/ccportugalparts.com\\\/wp-content\\\/uploads\\\/2019\\\/02\\\/mountain-road-1556177_1920.jpg?fit=1920%2C1282&ssl=1\",\"width\":1920,\"height\":1282},{\"@type\":\"BreadcrumbList\",\"@id\":\"https:\\\/\\\/ccportugalparts.com\\\/index.php\\\/acerca\\\/#breadcrumb\",\"itemListElement\":[{\"@type\":\"ListItem\",\"position\":1,\"name\":\"In\u00edcio\",\"item\":\"https:\\\/\\\/ccportugalparts.com\\\/\"},{\"@type\":\"ListItem\",\"position\":2,\"name\":\"Acerca\"}]},{\"@type\":\"WebSite\",\"@id\":\"https:\\\/\\\/ccportugalparts.com\\\/#website\",\"url\":\"https:\\\/\\\/ccportugalparts.com\\\/\",\"name\":\"CC Portugal Parts\",\"description\":\"\",\"publisher\":{\"@id\":\"https:\\\/\\\/ccportugalparts.com\\\/#organization\"},\"potentialAction\":[{\"@type\":\"SearchAction\",\"target\":{\"@type\":\"EntryPoint\",\"urlTemplate\":\"https:\\\/\\\/ccportugalparts.com\\\/?s={search_term_string}\"},\"query-input\":{\"@type\":\"PropertyValueSpecification\",\"valueRequired\":true,\"valueName\":\"search_term_string\"}}],\"inLanguage\":\"pt-PT\"},{\"@type\":\"Organization\",\"@id\":\"https:\\\/\\\/ccportugalparts.com\\\/#organization\",\"name\":\"CC Portugal Parts\",\"url\":\"https:\\\/\\\/ccportugalparts.com\\\/\",\"logo\":{\"@type\":\"ImageObject\",\"inLanguage\":\"pt-PT\",\"@id\":\"https:\\\/\\\/ccportugalparts.com\\\/#\\\/schema\\\/logo\\\/image\\\/\",\"url\":\"https:\\\/\\\/ccportugalparts.com\\\/wp-content\\\/uploads\\\/2018\\\/12\\\/CC-Portugal-Parts.png\",\"contentUrl\":\"https:\\\/\\\/ccportugalparts.com\\\/wp-content\\\/uploads\\\/2018\\\/12\\\/CC-Portugal-Parts.png\",\"width\":960,\"height\":560,\"caption\":\"CC Portugal Parts\"},\"image\":{\"@id\":\"https:\\\/\\\/ccportugalparts.com\\\/#\\\/schema\\\/logo\\\/image\\\/\"}}]}<\/script>\n<!-- \/ Yoast SEO plugin. -->","yoast_head_json":{"title":"Acerca - CC Portugal Parts","robots":{"index":"noindex","follow":"follow"},"og_locale":"pt_PT","og_type":"article","og_title":"Acerca - CC Portugal Parts","og_description":"A nossa vis\u00e3o Desenvolver trabalho de proximidade com os clientes indo de encontro as\u00a0suas reais\u00a0necessidades! Quanto ao n\u00edvel social, contribuir para o desenvolvimento concelho e regi\u00e3o. A nossa miss\u00e3o Assegurar elevados n\u00edveis de qualidade e funcionalidade das empresas e clientes nos v\u00e1rios ramos actividade em especial na\u00a0repara\u00e7\u00e3o de\u00a0viaturas\u00a0ligeiras, pesadas, equipamentos de terraplanagem equipamentos n\u00e1uticos, equipamentos     Read More \"Acerca\"","og_url":"https:\/\/ccportugalparts.com\/index.php\/acerca\/","og_site_name":"CC Portugal Parts","article_modified_time":"2019-02-28T18:36:35+00:00","og_image":[{"width":1920,"height":1282,"url":"https:\/\/i0.wp.com\/ccportugalparts.com\/wp-content\/uploads\/2019\/02\/mountain-road-1556177_1920.jpg?fit=1920%2C1282&ssl=1","type":"image\/jpeg"}],"twitter_card":"summary_large_image","twitter_misc":{"Tempo estimado de leitura":"1 minuto"},"schema":{"@context":"https:\/\/schema.org","@graph":[{"@type":"WebPage","@id":"https:\/\/ccportugalparts.com\/index.php\/acerca\/","url":"https:\/\/ccportugalparts.com\/index.php\/acerca\/","name":"Acerca - CC Portugal Parts","isPartOf":{"@id":"https:\/\/ccportugalparts.com\/#website"},"primaryImageOfPage":{"@id":"https:\/\/ccportugalparts.com\/index.php\/acerca\/#primaryimage"},"image":{"@id":"https:\/\/ccportugalparts.com\/index.php\/acerca\/#primaryimage"},"thumbnailUrl":"https:\/\/ccportugalparts.com\/wp-content\/uploads\/2019\/02\/mountain-road-1556177_1920.jpg","datePublished":"2010-07-25T17:40:01+00:00","dateModified":"2019-02-28T18:36:35+00:00","breadcrumb":{"@id":"https:\/\/ccportugalparts.com\/index.php\/acerca\/#breadcrumb"},"inLanguage":"pt-PT","potentialAction":[{"@type":"ReadAction","target":["https:\/\/ccportugalparts.com\/index.php\/acerca\/"]}]},{"@type":"ImageObject","inLanguage":"pt-PT","@id":"https:\/\/ccportugalparts.com\/index.php\/acerca\/#primaryimage","url":"https:\/\/i0.wp.com\/ccportugalparts.com\/wp-content\/uploads\/2019\/02\/mountain-road-1556177_1920.jpg?fit=1920%2C1282&ssl=1","contentUrl":"https:\/\/i0.wp.com\/ccportugalparts.com\/wp-content\/uploads\/2019\/02\/mountain-road-1556177_1920.jpg?fit=1920%2C1282&ssl=1","width":1920,"height":1282},{"@type":"BreadcrumbList","@id":"https:\/\/ccportugalparts.com\/index.php\/acerca\/#breadcrumb","itemListElement":[{"@type":"ListItem","position":1,"name":"In\u00edcio","item":"https:\/\/ccportugalparts.com\/"},{"@type":"ListItem","position":2,"name":"Acerca"}]},{"@type":"WebSite","@id":"https:\/\/ccportugalparts.com\/#website","url":"https:\/\/ccportugalparts.com\/","name":"CC Portugal Parts","description":"","publisher":{"@id":"https:\/\/ccportugalparts.com\/#organization"},"potentialAction":[{"@type":"SearchAction","target":{"@type":"EntryPoint","urlTemplate":"https:\/\/ccportugalparts.com\/?s={search_term_string}"},"query-input":{"@type":"PropertyValueSpecification","valueRequired":true,"valueName":"search_term_string"}}],"inLanguage":"pt-PT"},{"@type":"Organization","@id":"https:\/\/ccportugalparts.com\/#organization","name":"CC Portugal Parts","url":"https:\/\/ccportugalparts.com\/","logo":{"@type":"ImageObject","inLanguage":"pt-PT","@id":"https:\/\/ccportugalparts.com\/#\/schema\/logo\/image\/","url":"https:\/\/ccportugalparts.com\/wp-content\/uploads\/2018\/12\/CC-Portugal-Parts.png","contentUrl":"https:\/\/ccportugalparts.com\/wp-content\/uploads\/2018\/12\/CC-Portugal-Parts.png","width":960,"height":560,"caption":"CC Portugal Parts"},"image":{"@id":"https:\/\/ccportugalparts.com\/#\/schema\/logo\/image\/"}}]}},"jetpack_sharing_enabled":true,"_links":{"self":[{"href":"https:\/\/ccportugalparts.com\/index.php\/wp-json\/wp\/v2\/pages\/3228","targetHints":{"allow":["GET"]}}],"collection":[{"href":"https:\/\/ccportugalparts.com\/index.php\/wp-json\/wp\/v2\/pages"}],"about":[{"href":"https:\/\/ccportugalparts.com\/index.php\/wp-json\/wp\/v2\/types\/page"}],"author":[{"embeddable":true,"href":"https:\/\/ccportugalparts.com\/index.php\/wp-json\/wp\/v2\/users\/1"}],"replies":[{"embeddable":true,"href":"https:\/\/ccportugalparts.com\/index.php\/wp-json\/wp\/v2\/comments?post=3228"}],"version-history":[{"count":0,"href":"https:\/\/ccportugalparts.com\/index.php\/wp-json\/wp\/v2\/pages\/3228\/revisions"}],"wp:attachment":[{"href":"https:\/\/ccportugalparts.com\/index.php\/wp-json\/wp\/v2\/media?parent=3228"}],"curies":[{"name":"wp","href":"https:\/\/api.w.org\/{rel}","templated":true}]}}