{"id":10058,"date":"2019-02-05T11:33:44","date_gmt":"2019-02-05T10:33:44","guid":{"rendered":"https:\/\/ccportugalparts.com\/?page_id=10058"},"modified":"2019-03-22T20:32:33","modified_gmt":"2019-03-22T19:32:33","slug":"politica-de-privacidade","status":"publish","type":"page","link":"https:\/\/ccportugalparts.com\/index.php\/politica-de-privacidade\/","title":{"rendered":"Pol\u00edtica de Privacidade"},"content":{"rendered":"\t\t<div data-elementor-type=\"wp-post\" data-elementor-id=\"10058\" class=\"elementor elementor-10058\">\n\t\t\t\t\t\t<section class=\"elementor-section elementor-top-section elementor-element elementor-element-12e1383 elementor-section-boxed elementor-section-height-default elementor-section-height-default\" data-id=\"12e1383\" data-element_type=\"section\" data-e-type=\"section\">\n\t\t\t\t\t\t<div class=\"elementor-container elementor-column-gap-default\">\n\t\t\t\t\t<div class=\"elementor-column elementor-col-100 elementor-top-column elementor-element elementor-element-9815fc0\" data-id=\"9815fc0\" data-element_type=\"column\" data-e-type=\"column\">\n\t\t\t<div class=\"elementor-widget-wrap elementor-element-populated\">\n\t\t\t\t\t\t<div class=\"elementor-element elementor-element-193212a elementor-widget elementor-widget-text-editor\" data-id=\"193212a\" data-element_type=\"widget\" data-e-type=\"widget\" data-widget_type=\"text-editor.default\">\n\t\t\t\t<div class=\"elementor-widget-container\">\n\t\t\t\t\t\t\t\t\t<p>A aceita\u00e7\u00e3o da presente pol\u00edtica de privacidade e seguran\u00e7a, determina o consentimento para tratamento dos seus dados nos precisos termos e condi\u00e7\u00f5es em que os mesmos se encontram expressos.<\/p><p><strong>Condi\u00e7\u00f5es de seguran\u00e7a<\/strong><br \/>A CC PORTUGAL PARTS Com\u00e9rcio Pe\u00e7as e Acess\u00f3rios, Lda preza-se por respeitar a privacidade de todos os utilizadores do seu website e compromete-se a proteger as informa\u00e7\u00f5es pessoais que cada utilizador.<br \/>Esta pol\u00edtica de privacidade, consiste em prestar as informa\u00e7\u00f5es que recolhemos e da forma como as podemos utilizar bem como das normas de seguran\u00e7a adoptadas para proteger a sua identidade e dados pessoais.<br \/>Algumas \u00e1reas do site podem ser acedidas sem recurso a divulga\u00e7\u00e3o de qualquer informa\u00e7\u00e3o pessoal por parte do utilizador.<\/p><p><strong>Que tipo de informa\u00e7\u00e3o recolhemos<\/strong><br \/>A ,CC PORTUGAL PARTS Com\u00e9rcio Pe\u00e7as e Acess\u00f3rios, Lda com sede na Praceta Dr. Joaquim Gra\u00e7a N.\u00ba 10 Loja 4, 4490-448 P\u00f3voa de Varzim a, pessoa colectiva com o NIPC 515197513 \u00e9 a entidade respons\u00e1vel pelo tratamento dos seus recolhidos ou disponibilizados neste site. Os dados pessoais fornecidos pelos utilizadores, estar\u00e3o sujeitos a tratamento inform\u00e1tico e constar\u00e3o na(s) base(s) de dados da Empresa.<\/p><p>Informa\u00e7\u00f5es pessoais poder\u00e3o ser solicitadas quando:<\/p><ul><li>Cria uma conta;<\/li><li>Regista uma encomenda;<\/li><li>Solicita um or\u00e7amento;<\/li><li>Preenche formul\u00e1rio da Newsletter;<\/li><li>Solicita apoio t\u00e9cnico.<\/li><\/ul><p>Em cada uma destas situa\u00e7\u00f5es, \u00e9 poss\u00edvel que solicitemos o seu nome, endere\u00e7o de correio electr\u00f3nico, n\u00famero de telefone, resid\u00eancia, tipo de empresa, informa\u00e7\u00f5es de prefer\u00eancia de cliente, n\u00famero de cliente e n\u00famero de identifica\u00e7\u00e3o fiscal.<br \/>Poder\u00e3o ser solicitados dados pessoais adicionais necess\u00e1rios para o registo ou inscri\u00e7\u00e3o em servi\u00e7os e ofertas.<\/p><p>Iremos inform\u00e1-lo sempre que forem necess\u00e1rias informa\u00e7\u00f5es diferentes das indicadas.<\/p><p>Utilizamos \u201ccookies\u201d para recolher informa\u00e7\u00f5es acerca das suas visitas ao nosso Website e para melhorar a sua experi\u00eancia. Estas informa\u00e7\u00f5es\/dados s\u00e3o armazenadas de forma an\u00f3nima e servem apenas para an\u00e1lise estat\u00edstica generalizada, com o objectivo de melhorar os nossos servi\u00e7os.<\/p><p><strong>Dados recolhidos<\/strong><br \/>Os dados recolhidos n\u00e3o ser\u00e3o comunicados a terceiros, mas poder\u00e3o ser enviados a entidades subcontratadas pela, CC PORTUGAL PARTS Com\u00e9rcio Pe\u00e7as e Acess\u00f3rios, Lda para, por conta desta e sob a sua responsabilidade e supervis\u00e3o, executarem as seguintes opera\u00e7\u00f5es de tratamento de dados:<\/p><ul><li>Processamento de encomendas;<\/li><li>Envio de encomendas por transportadora.<\/li><\/ul><p><strong>Utiliza\u00e7\u00e3o das informa\u00e7\u00f5es dos visitantes<\/strong><br \/>Todas as informa\u00e7\u00f5es pessoais que obtemos ser\u00e3o registadas, utilizadas e protegidas em conformidade com a legisla\u00e7\u00e3o comunit\u00e1ria vigente em mat\u00e9ria de protec\u00e7\u00e3o de dados e com esta pol\u00edtica de privacidade.<\/p><p>O envio das informa\u00e7\u00f5es apenas ocorre, quando o titular dos dados, tiver expressamente optado por receber mensagens de correio electr\u00f3nico da empresa CC PORTUGAL PARTS Com\u00e9rcio Pe\u00e7as e Acess\u00f3rios, Lda. Caso n\u00e3o entenda receber mais mensagens de correio electr\u00f3nico, entre em contacto connosco atrav\u00e9s de e-mail ou carta para a nossa morada, ou poder\u00e1 desactivar o recebimento de mensagens na sua \u00e1rea de cliente do site.<\/p><p><strong>Protec\u00e7\u00e3o das informa\u00e7\u00f5es dos visitantes<\/strong><br \/>As informa\u00e7\u00f5es que nos fornece ao visitar o nosso website, est\u00e3o protegidas no \u00e2mbito das v\u00e1rias medidas de seguran\u00e7a, nomeadamente atrav\u00e9s de acesso condicionado, e de salvaguarda confidencialidade das informa\u00e7\u00f5es.<\/p><p>Alertamos, contudo, que ao fornecer informa\u00e7\u00f5es pessoais on-line, existe o risco de terceiros poderem interceptar e utilizar estas informa\u00e7\u00f5es, pelo que em termos de seguran\u00e7a de qualquer informa\u00e7\u00e3o que divulgue on-line; \u00e9 por sua pr\u00f3pria conta e risco.<\/p><p>De forma a assegurar a confidencialidade e seguran\u00e7a da informa\u00e7\u00e3o fornecida, a transmiss\u00e3o de dados no website da CC PORTUGAL PARTS Com\u00e9rcio Pe\u00e7as e Acess\u00f3rios, Lda, \u00e9 feita atrav\u00e9s de um protocolo SSL (Secure Socket Layer).<\/p><p><strong>Privacidade de menores (Crian\u00e7as e Jovens)<\/strong><br \/>A , CC PORTUGAL PARTS Com\u00e9rcio Pe\u00e7as e Acess\u00f3rios, Lda est\u00e1 empenhada em proteger a privacidade de crian\u00e7as e n\u00e3o pretende recolher dados pessoais de menores com idade inferior a 16 anos (A idade legalmente definida em termos de RGPD).<\/p><p><strong>Utiliza\u00e7\u00e3o de Cookies<\/strong><br \/>A CC PORTUGAL PARTS Com\u00e9rcio Pe\u00e7as e Acess\u00f3rios, Lda, utiliza cookies no seu website para melhorar o desempenho e a sua experi\u00eancia enquanto utilizador e em momento algum recolhemos dados pessoais atrav\u00e9s de cookies.<\/p><p>Caso pretenda poder\u00e1 desactivar todos os cookies, caso prefira n\u00e3o os receber. Tamb\u00e9m pode fazer com que o seu computador o avise da utiliza\u00e7\u00e3o de cookies. No entanto, a n\u00e3o aceita\u00e7\u00e3o de cookies, pode resultar na execu\u00e7\u00e3o incorrecta de algumas funcionalidades do website.<\/p><p>Em ambos os casos, recomendamos em ajustar as defini\u00e7\u00f5es do seu navegador (como por exemplo o Chrome).<\/p><p><strong>O Consentimento do titular dos dados (Direito de Consentimento)<\/strong><br \/>O consentimento, \u00e9 qualquer indica\u00e7\u00e3o livre, espec\u00edfica, informada e inequ\u00edvoca das subscri\u00e7\u00f5es da pessoa em causa, mediante a qual, por meio de uma declara\u00e7\u00e3o ou por uma a\u00e7\u00e3o afirmativa clara, d\u00e1 o acordo para o processamento de dados pessoais relacionados com ela.<\/p><p><strong>O Esquecimento do titular dos dados (Direito a ser Esquecido)<br \/><\/strong>Caso pretenda, pode solicitar a elimina\u00e7\u00e3o de todos os seus dados pessoais armazenados na nossa base de dados, ou eliminar o seu registo no website da CC PORTUGAL PARTS Com\u00e9rcio Pe\u00e7as e Acess\u00f3rios, Lda, em qualquer altura. Pode tamb\u00e9m optar por n\u00e3o receber quaisquer mensagens de correio eletr\u00f3nico. \u00c9 concedido o direito a controlar a elimina\u00e7\u00e3o de dados pessoais sem demora indevida. Poder\u00e1 fazer o pedido por carta para a nossa morada (Praceta Dr. Joaquim Gra\u00e7a N\u00ba 10 Loja 4, 4490-448 P\u00f3voa de Varzim e ou por e-mail.\u00a0<\/p><p><strong>Transfer\u00eancia de Dados (Direito \u00e0 Portabilidade)<\/strong><br \/>Caso pretenda, pode descarregar diretamente do website, os seus dados num formato estruturado, de uso corrente e de leitura autom\u00e1tica. Fica assim com a possibilidade de obter e reutilizar os seus dados para os seus pr\u00f3prios fins e entre diferentes servi\u00e7os.<\/p><p><strong>A<\/strong> <strong>CC PORTUGAL PARTS Com\u00e9rcio Pe\u00e7as e Acess\u00f3rios, Lda, n\u00e3o divulgar\u00e1 informa\u00e7\u00f5es pessoais a nenhuma organiza\u00e7\u00e3o externa para fins comerciais ou promocionais.<\/strong><br \/>N\u00e3o ser\u00e3o fornecidos quaisquer dados pessoais ou comerciais do utilizador a nenhuma entidade ou organiza\u00e7\u00e3o externa, para fins publicit\u00e1rios ou promocionais.<\/p><p>Os dados pessoais fornecidos pelos utilizadores apenas ser\u00e3o transmitidos a terceiros no \u00e2mbito do transporte de mercadorias e\/ou prestadoras de servi\u00e7os cuja finalidade seja a entrega dos produtos ou a execu\u00e7\u00e3o dos servi\u00e7os adquiridos pelo utilizador (titular dos dados pessoais).\u00c9 exigido aos colaboradores da CC PORTUGAL PARTS Com\u00e9rcio Pe\u00e7as e Acess\u00f3rios, Lda., total sigilo relativamente aos dados e informa\u00e7\u00f5es pessoais dos utilizadores, sendo que o acesso a estas informa\u00e7\u00f5es \u00e9 apenas garantido no \u00e2mbito dos servi\u00e7os prestados \u00e0 Empresa.<\/p><p><strong>Altera\u00e7\u00e3o das condi\u00e7\u00f5es atuais<\/strong><br \/>A CC PORTUGAL PARTS Com\u00e9rcio Pe\u00e7as e Acess\u00f3rios, Lda \u00a0reserva-se no direito de modificar unilateralmente e em qualquer momento, sem aviso pr\u00e9vio, a apresenta\u00e7\u00e3o e conte\u00fado do website, os seus servi\u00e7os e as condi\u00e7\u00f5es gerais de utiliza\u00e7\u00e3o. Tais modifica\u00e7\u00f5es servir\u00e3o para uma melhoria do website e dos servi\u00e7os oferecidos ao utilizador.<\/p><p><strong>O que mais devo saber sobre a minha privacidade?<\/strong><br \/>Os sites e servi\u00e7os da Internet de outras empresas acess\u00edveis atrav\u00e9s do site www.ccportugalparts.com t\u00eam pr\u00e1ticas independentes de privacidade e recolha de dados, fora do nosso alcance.<\/p><p>A CC PORTUGAL PARTS Com\u00e9rcio Pe\u00e7as e Acess\u00f3rios, Lda n\u00e3o poder\u00e1 ser, de modo algum, respons\u00e1vel por essas pol\u00edticas ou a\u00e7\u00f5es independentes. S\u00f3 o utilizador \u00e9 respons\u00e1vel por manter o sigilo da sua password ou de qualquer outra informa\u00e7\u00e3o de conta corrente.<\/p><p>Seja cuidadoso e respons\u00e1vel sempre que estiver ligado \u00e0 Internet.<\/p><p>Se o utilizador expuser informa\u00e7\u00f5es pessoais on-line acess\u00edveis ao p\u00fablico em geral, \u00e9 poss\u00edvel que receba mensagens n\u00e3o solicitadas de outras empresas.<\/p><p>Embora nos esforcemos para proteger suas informa\u00e7\u00f5es pessoais, a CC PORTUGAL PARTS Com\u00e9rcio Pe\u00e7as e Acess\u00f3rios, Lda ,n\u00e3o pode garantir a seguran\u00e7a de transmiss\u00e3o de quaisquer informa\u00e7\u00f5es que o utilizador nos transmita, fora das p\u00e1ginas com protocolo SSL, e o utilizador faz o envio por sua pr\u00f3pria conta e risco.<\/p><p><strong>Seguran\u00e7a na loja On-line<\/strong><br \/>Proporcionar ao utilizador uma experi\u00eancia on-line segura \u00e9 uma das principais prioridades da CC PORTUGAL PARTS Com\u00e9rcio Pe\u00e7as e Acess\u00f3rios, Lda \u00a0. Reconhecemos que a sua privacidade e seguran\u00e7a s\u00e3o da m\u00e1xima import\u00e2ncia e trabalhamos para garantir que suas informa\u00e7\u00f5es pessoais est\u00e3o bem protegidas.<\/p><p>Esperamos que, depois de ter compreendido as medidas que tomamos e os passos que seguimos para o proteger, confie tanto na seguran\u00e7a das suas transac\u00e7\u00f5es e informa\u00e7\u00f5es pessoais quanto n\u00f3s.<\/p><p>Qualquer quest\u00e3o que exista relativamente a este compromisso, n\u00e3o hesite em contactar.<\/p><p><strong>Tempo de conserva\u00e7\u00e3o em fun\u00e7\u00e3o da finalidade<\/strong><br \/>Os Dados Pessoais ser\u00e3o conservados\/tratados apenas pelo per\u00edodo m\u00ednimo necess\u00e1rio para as finalidades que motivaram a sua recolha ou o seu posterior tratamento, ou at\u00e9 que o utilizador requeira a sua elimina\u00e7\u00e3o.<\/p><p>H\u00e1 casos em que a lei obriga ao tratamento e conserva\u00e7\u00e3o dos dados por um per\u00edodo de tempo m\u00ednimo identificado.<\/p><p><strong>Nosso contacto<\/strong><br \/>Se tiver quaisquer perguntas ou coment\u00e1rios relativamente ao nosso website e\/ou nossa Pol\u00edtica de Privacidade e Seguran\u00e7a, envie-nos as suas sugest\u00f5es.<\/p><p><strong>Direito de Reclamar<\/strong><br \/>O titular dos dados tem o direito de apresentar reclama\u00e7\u00e3o quanto a qualquer quest\u00e3o relativa ao tratamento dos seus dados pessoais, junto CC PORTUGAL PARTS Com\u00e9rcio Pe\u00e7as e Acess\u00f3rios, Lda, atrav\u00e9s do e-mail\u00a0<u>geral@<\/u><u>ccportugalparts.com<\/u>\u00a0ou deslocando-se \u00e0s nossas instala\u00e7\u00f5es ou enviando carta para Praceta Dr. Joaquim Gra\u00e7a N.\u00ba 10 Loja 4, 4490-448 P\u00f3voa de Varzim.<\/p><p>N\u00e3o obstante, o titular dos dados tem direito a reclamar junto da Comiss\u00e3o Nacional de Prote\u00e7\u00e3o de Dados \u2013 CNPD.<\/p><p><strong>Altera\u00e7\u00f5es \u00e0 pol\u00edtica de privacidade e seguran\u00e7a<\/strong><br \/>A nossa pol\u00edtica de privacidade \u00e9 revista regularmente e todas as altera\u00e7\u00f5es ser\u00e3o publicadas no nosso website. A \u00faltima atualiza\u00e7\u00e3o \u00e9 de 01 de Fevereiro de 2019.<\/p><p>Qualquer quest\u00e3o que exista relativamente a este compromisso, n\u00e3o hesite em\u00a0<u>contactar<\/u>.<\/p>\t\t\t\t\t\t\t\t<\/div>\n\t\t\t\t<\/div>\n\t\t\t\t\t<\/div>\n\t\t<\/div>\n\t\t\t\t\t<\/div>\n\t\t<\/section>\n\t\t\t\t<\/div>\n\t\t","protected":false},"excerpt":{"rendered":"<p>A aceita\u00e7\u00e3o da presente pol\u00edtica de privacidade e seguran\u00e7a, determina o consentimento para tratamento dos seus dados nos precisos termos e condi\u00e7\u00f5es em que os mesmos se encontram expressos. Condi\u00e7\u00f5es de seguran\u00e7aA CC PORTUGAL PARTS Com\u00e9rcio Pe\u00e7as e Acess\u00f3rios, Lda preza-se por respeitar a privacidade de todos os utilizadores do seu website e compromete-se a<br \/><a class=\"more-link\" href=\"https:\/\/ccportugalparts.com\/index.php\/politica-de-privacidade\/\"><br \/>\n        Read More<span class=\"screen-reader-text\"> &#8220;Pol\u00edtica de Privacidade&#8221;<\/span><\/a><\/p>\n","protected":false},"author":1,"featured_media":0,"parent":0,"menu_order":0,"comment_status":"closed","ping_status":"closed","template":"","meta":{"footnotes":""},"class_list":["post-10058","page","type-page","status-publish","hentry","badges-style-3"],"yoast_head":"<!-- This site is optimized with the Yoast SEO plugin v27.4 - https:\/\/yoast.com\/product\/yoast-seo-wordpress\/ -->\n<title>Pol\u00edtica de Privacidade - CC Portugal Parts<\/title>\n<meta name=\"robots\" content=\"noindex, follow\" \/>\n<meta property=\"og:locale\" content=\"pt_PT\" \/>\n<meta property=\"og:type\" content=\"article\" \/>\n<meta property=\"og:title\" content=\"Pol\u00edtica de Privacidade - CC Portugal Parts\" \/>\n<meta property=\"og:description\" content=\"A aceita\u00e7\u00e3o da presente pol\u00edtica de privacidade e seguran\u00e7a, determina o consentimento para tratamento dos seus dados nos precisos termos e condi\u00e7\u00f5es em que os mesmos se encontram expressos. Condi\u00e7\u00f5es de seguran\u00e7aA CC PORTUGAL PARTS Com\u00e9rcio Pe\u00e7as e Acess\u00f3rios, Lda preza-se por respeitar a privacidade de todos os utilizadores do seu website e compromete-se a     Read More &quot;Pol\u00edtica de Privacidade&quot;\" \/>\n<meta property=\"og:url\" content=\"https:\/\/ccportugalparts.com\/index.php\/politica-de-privacidade\/\" \/>\n<meta property=\"og:site_name\" content=\"CC Portugal Parts\" \/>\n<meta property=\"article:modified_time\" content=\"2019-03-22T19:32:33+00:00\" \/>\n<meta name=\"twitter:card\" content=\"summary_large_image\" \/>\n<meta name=\"twitter:label1\" content=\"Tempo estimado de leitura\" \/>\n\t<meta name=\"twitter:data1\" content=\"9 minutos\" \/>\n<script type=\"application\/ld+json\" class=\"yoast-schema-graph\">{\"@context\":\"https:\\\/\\\/schema.org\",\"@graph\":[{\"@type\":\"WebPage\",\"@id\":\"https:\\\/\\\/ccportugalparts.com\\\/index.php\\\/politica-de-privacidade\\\/\",\"url\":\"https:\\\/\\\/ccportugalparts.com\\\/index.php\\\/politica-de-privacidade\\\/\",\"name\":\"Pol\u00edtica de Privacidade - CC Portugal Parts\",\"isPartOf\":{\"@id\":\"https:\\\/\\\/ccportugalparts.com\\\/#website\"},\"datePublished\":\"2019-02-05T10:33:44+00:00\",\"dateModified\":\"2019-03-22T19:32:33+00:00\",\"breadcrumb\":{\"@id\":\"https:\\\/\\\/ccportugalparts.com\\\/index.php\\\/politica-de-privacidade\\\/#breadcrumb\"},\"inLanguage\":\"pt-PT\",\"potentialAction\":[{\"@type\":\"ReadAction\",\"target\":[\"https:\\\/\\\/ccportugalparts.com\\\/index.php\\\/politica-de-privacidade\\\/\"]}]},{\"@type\":\"BreadcrumbList\",\"@id\":\"https:\\\/\\\/ccportugalparts.com\\\/index.php\\\/politica-de-privacidade\\\/#breadcrumb\",\"itemListElement\":[{\"@type\":\"ListItem\",\"position\":1,\"name\":\"In\u00edcio\",\"item\":\"https:\\\/\\\/ccportugalparts.com\\\/\"},{\"@type\":\"ListItem\",\"position\":2,\"name\":\"Pol\u00edtica de Privacidade\"}]},{\"@type\":\"WebSite\",\"@id\":\"https:\\\/\\\/ccportugalparts.com\\\/#website\",\"url\":\"https:\\\/\\\/ccportugalparts.com\\\/\",\"name\":\"CC Portugal Parts\",\"description\":\"\",\"publisher\":{\"@id\":\"https:\\\/\\\/ccportugalparts.com\\\/#organization\"},\"potentialAction\":[{\"@type\":\"SearchAction\",\"target\":{\"@type\":\"EntryPoint\",\"urlTemplate\":\"https:\\\/\\\/ccportugalparts.com\\\/?s={search_term_string}\"},\"query-input\":{\"@type\":\"PropertyValueSpecification\",\"valueRequired\":true,\"valueName\":\"search_term_string\"}}],\"inLanguage\":\"pt-PT\"},{\"@type\":\"Organization\",\"@id\":\"https:\\\/\\\/ccportugalparts.com\\\/#organization\",\"name\":\"CC Portugal Parts\",\"url\":\"https:\\\/\\\/ccportugalparts.com\\\/\",\"logo\":{\"@type\":\"ImageObject\",\"inLanguage\":\"pt-PT\",\"@id\":\"https:\\\/\\\/ccportugalparts.com\\\/#\\\/schema\\\/logo\\\/image\\\/\",\"url\":\"https:\\\/\\\/ccportugalparts.com\\\/wp-content\\\/uploads\\\/2018\\\/12\\\/CC-Portugal-Parts.png\",\"contentUrl\":\"https:\\\/\\\/ccportugalparts.com\\\/wp-content\\\/uploads\\\/2018\\\/12\\\/CC-Portugal-Parts.png\",\"width\":960,\"height\":560,\"caption\":\"CC Portugal Parts\"},\"image\":{\"@id\":\"https:\\\/\\\/ccportugalparts.com\\\/#\\\/schema\\\/logo\\\/image\\\/\"}}]}<\/script>\n<!-- \/ Yoast SEO plugin. -->","yoast_head_json":{"title":"Pol\u00edtica de Privacidade - CC Portugal Parts","robots":{"index":"noindex","follow":"follow"},"og_locale":"pt_PT","og_type":"article","og_title":"Pol\u00edtica de Privacidade - CC Portugal Parts","og_description":"A aceita\u00e7\u00e3o da presente pol\u00edtica de privacidade e seguran\u00e7a, determina o consentimento para tratamento dos seus dados nos precisos termos e condi\u00e7\u00f5es em que os mesmos se encontram expressos. Condi\u00e7\u00f5es de seguran\u00e7aA CC PORTUGAL PARTS Com\u00e9rcio Pe\u00e7as e Acess\u00f3rios, Lda preza-se por respeitar a privacidade de todos os utilizadores do seu website e compromete-se a     Read More \"Pol\u00edtica de Privacidade\"","og_url":"https:\/\/ccportugalparts.com\/index.php\/politica-de-privacidade\/","og_site_name":"CC Portugal Parts","article_modified_time":"2019-03-22T19:32:33+00:00","twitter_card":"summary_large_image","twitter_misc":{"Tempo estimado de leitura":"9 minutos"},"schema":{"@context":"https:\/\/schema.org","@graph":[{"@type":"WebPage","@id":"https:\/\/ccportugalparts.com\/index.php\/politica-de-privacidade\/","url":"https:\/\/ccportugalparts.com\/index.php\/politica-de-privacidade\/","name":"Pol\u00edtica de Privacidade - CC Portugal Parts","isPartOf":{"@id":"https:\/\/ccportugalparts.com\/#website"},"datePublished":"2019-02-05T10:33:44+00:00","dateModified":"2019-03-22T19:32:33+00:00","breadcrumb":{"@id":"https:\/\/ccportugalparts.com\/index.php\/politica-de-privacidade\/#breadcrumb"},"inLanguage":"pt-PT","potentialAction":[{"@type":"ReadAction","target":["https:\/\/ccportugalparts.com\/index.php\/politica-de-privacidade\/"]}]},{"@type":"BreadcrumbList","@id":"https:\/\/ccportugalparts.com\/index.php\/politica-de-privacidade\/#breadcrumb","itemListElement":[{"@type":"ListItem","position":1,"name":"In\u00edcio","item":"https:\/\/ccportugalparts.com\/"},{"@type":"ListItem","position":2,"name":"Pol\u00edtica de Privacidade"}]},{"@type":"WebSite","@id":"https:\/\/ccportugalparts.com\/#website","url":"https:\/\/ccportugalparts.com\/","name":"CC Portugal Parts","description":"","publisher":{"@id":"https:\/\/ccportugalparts.com\/#organization"},"potentialAction":[{"@type":"SearchAction","target":{"@type":"EntryPoint","urlTemplate":"https:\/\/ccportugalparts.com\/?s={search_term_string}"},"query-input":{"@type":"PropertyValueSpecification","valueRequired":true,"valueName":"search_term_string"}}],"inLanguage":"pt-PT"},{"@type":"Organization","@id":"https:\/\/ccportugalparts.com\/#organization","name":"CC Portugal Parts","url":"https:\/\/ccportugalparts.com\/","logo":{"@type":"ImageObject","inLanguage":"pt-PT","@id":"https:\/\/ccportugalparts.com\/#\/schema\/logo\/image\/","url":"https:\/\/ccportugalparts.com\/wp-content\/uploads\/2018\/12\/CC-Portugal-Parts.png","contentUrl":"https:\/\/ccportugalparts.com\/wp-content\/uploads\/2018\/12\/CC-Portugal-Parts.png","width":960,"height":560,"caption":"CC Portugal Parts"},"image":{"@id":"https:\/\/ccportugalparts.com\/#\/schema\/logo\/image\/"}}]}},"jetpack_sharing_enabled":true,"_links":{"self":[{"href":"https:\/\/ccportugalparts.com\/index.php\/wp-json\/wp\/v2\/pages\/10058","targetHints":{"allow":["GET"]}}],"collection":[{"href":"https:\/\/ccportugalparts.com\/index.php\/wp-json\/wp\/v2\/pages"}],"about":[{"href":"https:\/\/ccportugalparts.com\/index.php\/wp-json\/wp\/v2\/types\/page"}],"author":[{"embeddable":true,"href":"https:\/\/ccportugalparts.com\/index.php\/wp-json\/wp\/v2\/users\/1"}],"replies":[{"embeddable":true,"href":"https:\/\/ccportugalparts.com\/index.php\/wp-json\/wp\/v2\/comments?post=10058"}],"version-history":[{"count":0,"href":"https:\/\/ccportugalparts.com\/index.php\/wp-json\/wp\/v2\/pages\/10058\/revisions"}],"wp:attachment":[{"href":"https:\/\/ccportugalparts.com\/index.php\/wp-json\/wp\/v2\/media?parent=10058"}],"curies":[{"name":"wp","href":"https:\/\/api.w.org\/{rel}","templated":true}]}}